{"id":832,"date":"2017-06-06T09:55:40","date_gmt":"2017-06-06T09:55:40","guid":{"rendered":"http:\/\/centralhotel-wuerzburg.com.w0127367.kasserver.com\/en\/?page_id=832"},"modified":"2025-10-28T13:04:28","modified_gmt":"2025-10-28T12:04:28","slug":"arrangements","status":"publish","type":"page","link":"https:\/\/centralhotel-wuerzburg.com\/en\/arrangements\/","title":{"rendered":"ARRANGEMENTS"},"content":{"rendered":"\n<style type=\"text\/css\" data-created_by=\"avia_inline_auto\" id=\"style-css-av-3ubvc0-5be60491fba84b4a26668c7800d5e29e\">\n.avia-section.av-3ubvc0-5be60491fba84b4a26668c7800d5e29e{\nbackground-repeat:no-repeat;\nbackground-image:url(https:\/\/centralhotel-wuerzburg.com\/en\/wp-content\/uploads\/sites\/2\/2017\/04\/Wuerzburg.jpg);\nbackground-position:50% 0%;\nbackground-attachment:scroll;\n}\n<\/style>\n<div id='av_section_1'  class='avia-section av-3ubvc0-5be60491fba84b4a26668c7800d5e29e main_color avia-section-default avia-no-shadow  avia-builder-el-0  el_before_av_section  avia-builder-el-first  avia-full-stretch avia-bg-style-scroll av-minimum-height av-minimum-height-custom av-height-custom  container_wrap fullsize'  data-section-bg-repeat='stretch' data-av_minimum_height_px='250'><div class='container av-section-cont-open' style='height:250px'><main  role=\"main\" itemprop=\"mainContentOfPage\"  class='template-page content  av-content-full alpha units'><div class='post-entry post-entry-type-page post-entry-832'><div class='entry-content-wrapper clearfix'>\n<\/div><\/div><\/main><!-- close content main element --><\/div><\/div><div id='av_section_2'  class='avia-section av-3oe114-58873487c19b5cc2d44f0ed4b3a46bdf main_color avia-section-large avia-no-shadow  avia-builder-el-1  el_after_av_section  avia-builder-el-last  avia-bg-style-scroll container_wrap fullsize'  ><div class='container av-section-cont-open' ><div class='template-page content  av-content-full alpha units'><div class='post-entry post-entry-type-page post-entry-832'><div class='entry-content-wrapper clearfix'>\n\n<style type=\"text\/css\" data-created_by=\"avia_inline_auto\" id=\"style-css-av-3k9ys8-eb330aa4396dc90a98dc57481bd7ae8a\">\n#top .flex_column.av-3k9ys8-eb330aa4396dc90a98dc57481bd7ae8a{\nmargin-top:-140px;\nmargin-bottom:0px;\n}\n.flex_column.av-3k9ys8-eb330aa4396dc90a98dc57481bd7ae8a{\nborder-radius:0px 0px 0px 0px;\npadding:30px 30px 30px 30px;\nbackground-color:#d4cdc1;\n}\n.responsive #top #wrap_all .flex_column.av-3k9ys8-eb330aa4396dc90a98dc57481bd7ae8a{\nmargin-top:-140px;\nmargin-bottom:0px;\n}\n<\/style>\n<div  class='flex_column av-3k9ys8-eb330aa4396dc90a98dc57481bd7ae8a av_one_full  avia-builder-el-2  el_before_av_hr  avia-builder-el-first  first flex_column_div  '     ><style type=\"text\/css\" data-created_by=\"avia_inline_auto\" id=\"style-css-av-c838g-f0c4018eec5ea21ee71ebff170745239\">\n#top .av-special-heading.av-c838g-f0c4018eec5ea21ee71ebff170745239{\npadding-bottom:10px;\n}\nbody .av-special-heading.av-c838g-f0c4018eec5ea21ee71ebff170745239 .av-special-heading-tag .heading-char{\nfont-size:25px;\n}\n.av-special-heading.av-c838g-f0c4018eec5ea21ee71ebff170745239 .av-subheading{\nfont-size:15px;\n}\n<\/style>\n<div  class='av-special-heading av-c838g-f0c4018eec5ea21ee71ebff170745239 av-special-heading-h1 blockquote modern-quote modern-centered  avia-builder-el-3  avia-builder-el-no-sibling '><h1 class='av-special-heading-tag '  itemprop=\"headline\"  >Arrangements<\/h1><div class=\"special-heading-border\"><div class=\"special-heading-inner-border\"><\/div><\/div><\/div><\/div>\n<style type=\"text\/css\" data-created_by=\"avia_inline_auto\" id=\"style-css-av-36kiw8-8466c9592ff7cc1dbe4ce090597aeaa1\">\n#top .hr.av-36kiw8-8466c9592ff7cc1dbe4ce090597aeaa1{\nmargin-top:0px;\nmargin-bottom:50px;\n}\n.hr.av-36kiw8-8466c9592ff7cc1dbe4ce090597aeaa1 .hr-inner{\nwidth:200px;\nborder-color:#bdb3a1;\nmax-width:45%;\n}\n.hr.av-36kiw8-8466c9592ff7cc1dbe4ce090597aeaa1 .av-seperator-icon{\ncolor:#9e3353;\n}\n.hr.av-36kiw8-8466c9592ff7cc1dbe4ce090597aeaa1 .av-seperator-icon.avia-svg-icon svg:first-child{\nfill:#9e3353;\nstroke:#9e3353;\n}\n<\/style>\n<div  class='hr av-36kiw8-8466c9592ff7cc1dbe4ce090597aeaa1 hr-custom  avia-builder-el-4  el_after_av_one_full  el_before_av_one_half  hr-center hr-icon-yes'><span class='hr-inner inner-border-av-border-fat'><span class=\"hr-inner-style\"><\/span><\/span><span class='av-seperator-icon avia-iconfont avia-font-entypo-fontello' data-av_icon='\ue8ce' data-av_iconfont='entypo-fontello' ><\/span><span class='hr-inner inner-border-av-border-fat'><span class=\"hr-inner-style\"><\/span><\/span><\/div>\n\n<style type=\"text\/css\" data-created_by=\"avia_inline_auto\" id=\"style-css-av-329uzs-fd4c304de6d3979a9801aced9f95c14d\">\n.flex_column.av-329uzs-fd4c304de6d3979a9801aced9f95c14d{\nborder-radius:0px 0px 0px 0px;\npadding:0px 0px 0px 0px;\n}\n<\/style>\n<div  class='flex_column av-329uzs-fd4c304de6d3979a9801aced9f95c14d av_one_half  avia-builder-el-5  el_after_av_hr  el_before_av_one_half  first flex_column_div av-zero-column-padding  '     ><p>\n<style type=\"text\/css\" data-created_by=\"avia_inline_auto\" id=\"style-css-av-2w3vhc-536d0b624db9f465666edf8e3f34ef16\">\n#top .av-special-heading.av-2w3vhc-536d0b624db9f465666edf8e3f34ef16{\npadding-bottom:10px;\n}\nbody .av-special-heading.av-2w3vhc-536d0b624db9f465666edf8e3f34ef16 .av-special-heading-tag .heading-char{\nfont-size:25px;\n}\n.av-special-heading.av-2w3vhc-536d0b624db9f465666edf8e3f34ef16 .av-subheading{\nfont-size:15px;\n}\n<\/style>\n<div  class='av-special-heading av-2w3vhc-536d0b624db9f465666edf8e3f34ef16 av-special-heading-h3 blockquote modern-quote  avia-builder-el-6  el_before_av_textblock  avia-builder-el-first '><h3 class='av-special-heading-tag '  itemprop=\"headline\"  >City Arrangement <span class='special_amp'>&#8220;<\/span>W\u00fcrzburg pur<span class='special_amp'>&#8221;<\/span><\/h3><div class=\"special-heading-border\"><div class=\"special-heading-inner-border\"><\/div><\/div><\/div><br \/>\n<section  class='av_textblock_section av-2shbmw-f5fd8b5fad2d37c06eb07e1dffcb45ee '   itemscope=\"itemscope\" itemtype=\"https:\/\/schema.org\/CreativeWork\" ><div class='avia_textblock'  itemprop=\"text\" ><p>We offer our guests the &#8220;City Arrangement W\u00fcrzburg pur&#8221;. With this arrangement\u00a0you receive the following services:<\/p>\n<ul>\n<li>2 nights &#8211; incl. breakfast<\/li>\n<li>&#8220;H\u00e4ckerbrotzeit&#8221; or &#8220;Blaue Zipfel&#8221; and a &#8220;Schoppen Frankenwein&#8221; per person in the world-famous restaurant\u00a0&#8220;B\u00fcrgerspital zum hl. Geist&#8221;<\/li>\n<li>Free entry to the &#8220;Residence&#8221; (UNESCO)<\/li>\n<li>Tour with the &#8220;Night Watchman&#8221;<\/li>\n<li>Reduced ticket for a boat trip to Veitsh\u00f6chheim<\/li>\n<li>This offer is <strong>only\u00a0available<\/strong>\u00a0from<strong>\u00a0April<\/strong> till<strong>\u00a0October (Oct. incl.)<\/strong><\/li>\n<li>This offer is <strong>not available<\/strong> on the <strong>&#8220;Africa Festival&#8221;<\/strong>\u00a0event<\/li>\n<\/ul>\n<p>( <span class=\"Y2IQFc\" lang=\"en\">No refunds for unused vouchers! )<\/span><\/p>\n<\/div><\/section><\/p><\/div>\n<style type=\"text\/css\" data-created_by=\"avia_inline_auto\" id=\"style-css-av-2lwgmo-ba086c05801621e3a7de6a5e633a8433\">\n.flex_column.av-2lwgmo-ba086c05801621e3a7de6a5e633a8433{\nborder-radius:0px 0px 0px 0px;\npadding:0px 0px 0px 0px;\n}\n<\/style>\n<div  class='flex_column av-2lwgmo-ba086c05801621e3a7de6a5e633a8433 av_one_half  avia-builder-el-8  el_after_av_one_half  el_before_av_hr  flex_column_div av-zero-column-padding  '     ><p>\n<style type=\"text\/css\" data-created_by=\"avia_inline_auto\" id=\"style-css-av-2e3lio-4b55602109e0dc2c52f548c58bf68e04\">\n#top .hr.av-2e3lio-4b55602109e0dc2c52f548c58bf68e04{\nmargin-top:0px;\nmargin-bottom:30px;\n}\n.hr.av-2e3lio-4b55602109e0dc2c52f548c58bf68e04 .hr-inner{\nwidth:50px;\n}\n<\/style>\n<div  class='hr av-2e3lio-4b55602109e0dc2c52f548c58bf68e04 hr-custom  avia-builder-el-9  el_before_av_image  avia-builder-el-first  hr-center hr-icon-no'><span class='hr-inner inner-border-av-border-none'><span class=\"hr-inner-style\"><\/span><\/span><\/div><br \/>\n\n<style type=\"text\/css\" data-created_by=\"avia_inline_auto\" id=\"style-css-av-2awtko-d9ca176346c0a29b4feec77b9ce18dfe\">\n.avia-image-container.av-2awtko-d9ca176346c0a29b4feec77b9ce18dfe img.avia_image{\nbox-shadow:none;\n}\n.avia-image-container.av-2awtko-d9ca176346c0a29b4feec77b9ce18dfe .av-image-caption-overlay-center{\ncolor:#ffffff;\n}\n<\/style>\n<div  class='avia-image-container av-2awtko-d9ca176346c0a29b4feec77b9ce18dfe av-styling- avia-align-center  avia-builder-el-10  el_after_av_hr  avia-builder-el-last '   itemprop=\"image\" itemscope=\"itemscope\" itemtype=\"https:\/\/schema.org\/ImageObject\" ><div class=\"avia-image-container-inner\"><div class=\"avia-image-overlay-wrap\"><img decoding=\"async\" fetchpriority=\"high\" class='wp-image-645 avia-img-lazy-loading-not-645 avia_image ' src=\"https:\/\/centralhotel-wuerzburg.com\/en\/wp-content\/uploads\/sites\/2\/2017\/04\/Wuerzburg-495x250.jpg\" alt='Wuerzburg' title='Wuerzburg'  height=\"250\" width=\"495\"  itemprop=\"thumbnailUrl\"  \/><\/div><\/div><\/div><\/p><\/div>\n<style type=\"text\/css\" data-created_by=\"avia_inline_auto\" id=\"style-css-av-20841c-5746bb9206150f8e418ceb15486fe332\">\n#top .hr.av-20841c-5746bb9206150f8e418ceb15486fe332{\nmargin-top:0px;\nmargin-bottom:30px;\n}\n.hr.av-20841c-5746bb9206150f8e418ceb15486fe332 .hr-inner{\nwidth:50px;\nborder-color:#bdb3a1;\n}\n<\/style>\n<div  class='hr av-20841c-5746bb9206150f8e418ceb15486fe332 hr-custom  avia-builder-el-11  el_after_av_one_half  el_before_av_one_third  hr-center hr-icon-no'><span class='hr-inner inner-border-av-border-none'><span class=\"hr-inner-style\"><\/span><\/span><\/div>\n\n<style type=\"text\/css\" data-created_by=\"avia_inline_auto\" id=\"style-css-av-1x60aw-97f9dfe786b6333604bbc60dcb5abb2e\">\n.flex_column.av-1x60aw-97f9dfe786b6333604bbc60dcb5abb2e{\nborder-radius:0px 0px 0px 0px;\npadding:0px 0px 0px 0px;\n}\n<\/style>\n<div  class='flex_column av-1x60aw-97f9dfe786b6333604bbc60dcb5abb2e av_one_third  avia-builder-el-12  el_after_av_hr  el_before_av_one_third  first flex_column_div av-zero-column-padding  '     ><p><article  class='iconbox iconbox_left av-1qwf5s-2964c0c7ee3f61ff007c0a155e3e34d9  avia-builder-el-13  el_before_av_button  avia-builder-el-first '  itemscope=\"itemscope\" itemtype=\"https:\/\/schema.org\/CreativeWork\" ><div class=\"iconbox_content\"><header class=\"entry-content-header\" aria-label=\"Icon: Prices\"><div class='iconbox_icon heading-color avia-iconfont avia-font-entypo-fontello' data-av_icon='\ue827' data-av_iconfont='entypo-fontello'  ><\/div><h3 class='iconbox_content_title '  itemprop=\"headline\" >Prices<\/h3><\/header><div class='iconbox_content_container '  itemprop=\"text\" ><p>Prices per person!<\/p>\n<p>In a single room:\u00a0 240,- \u20ac<br \/>\nIn a double room: \u00a0190,- \u20ac<br \/>\nIn a double room twin : 190,-\u20ac<br \/>\nIn a triple room: \u00a0170,- \u20ac<br \/>\nIn a four-bed room:\u00a0 160,- \u20ac<\/p>\n<div style=\"heigth: 20px;\"><\/div>\n<\/div><\/div><footer class=\"entry-footer\"><\/footer><\/article><br \/>\n<div  class='avia-button-wrap av-1ioq3k-0a62ff2629fbb399b6cbb9f050784f88-wrap avia-button-left  avia-builder-el-14  el_after_av_icon_box  avia-builder-el-last '><a href='https:\/\/centralhotel-wuerzburg.com\/en\/booking\/'  class='avia-button av-1ioq3k-0a62ff2629fbb399b6cbb9f050784f88 av-link-btn avia-icon_select-no avia-size-large avia-position-left avia-color-theme-color'   aria-label=\"Book your room now !\"><span class='avia_iconbox_title' >Book your room now !<\/span><\/a><\/div><\/p><\/div>\n<style type=\"text\/css\" data-created_by=\"avia_inline_auto\" id=\"style-css-av-1efio0-c8ccb1d6908689c3a57403be841fdfd0\">\n.flex_column.av-1efio0-c8ccb1d6908689c3a57403be841fdfd0{\nborder-radius:0px 0px 0px 0px;\npadding:0px 0px 0px 0px;\n}\n<\/style>\n<div  class='flex_column av-1efio0-c8ccb1d6908689c3a57403be841fdfd0 av_one_third  avia-builder-el-15  el_after_av_one_third  el_before_av_one_third  flex_column_div av-zero-column-padding  '     ><article  class='iconbox iconbox_left av-16kq40-7b00c744940106f39e53a7cdebafdbcf  avia-builder-el-16  avia-builder-el-no-sibling '  itemscope=\"itemscope\" itemtype=\"https:\/\/schema.org\/CreativeWork\" ><div class=\"iconbox_content\"><header class=\"entry-content-header\" aria-label=\"Icon: Night Watchman\"><div class='iconbox_icon heading-color avia-iconfont avia-font-entypo-fontello' data-av_icon='' data-av_iconfont='entypo-fontello'  ><\/div><h3 class='iconbox_content_title '  itemprop=\"headline\" >Night Watchman<\/h3><\/header><div class='iconbox_content_container '  itemprop=\"text\" ><p>Explore\u00a0the history of W\u00fcrzburg in an extraordinary tour.<\/p>\n<p><a href=\"http:\/\/www.wuerzburger-nachtwaechter.de\">to the homepage<\/a><\/p>\n<\/div><\/div><footer class=\"entry-footer\"><\/footer><\/article><\/div>\n<style type=\"text\/css\" data-created_by=\"avia_inline_auto\" id=\"style-css-av-14qk60-1dcbfcd20dd701af80e72979bbcdf9e3\">\n.flex_column.av-14qk60-1dcbfcd20dd701af80e72979bbcdf9e3{\nborder-radius:0px 0px 0px 0px;\npadding:0px 0px 0px 0px;\n}\n<\/style>\n<div  class='flex_column av-14qk60-1dcbfcd20dd701af80e72979bbcdf9e3 av_one_third  avia-builder-el-17  el_after_av_one_third  el_before_av_one_third  flex_column_div av-zero-column-padding  '     ><article  class='iconbox iconbox_left av-uw4wo-c8bbef58534a79d7f4934dad93ecf132  avia-builder-el-18  avia-builder-el-no-sibling '  itemscope=\"itemscope\" itemtype=\"https:\/\/schema.org\/CreativeWork\" ><div class=\"iconbox_content\"><header class=\"entry-content-header\" aria-label=\"Icon: B\u00fcrgerspital\"><div class='iconbox_icon heading-color avia-iconfont avia-font-entypo-fontello' data-av_icon='\ue808' data-av_iconfont='entypo-fontello'  ><\/div><h3 class='iconbox_content_title '  itemprop=\"headline\" >B\u00fcrgerspital<\/h3><\/header><div class='iconbox_content_container '  itemprop=\"text\" ><p>Get to know the B\u00fcrgerspital &#8211; a modern, 700 years old top-class winery in Franconia, committed to quality and tradition.<\/p>\n<p><a href=\"http:\/\/www.buergerspital-weinstuben.de\/main\/index.php\">to the homepage<\/a><\/p>\n<\/div><\/div><footer class=\"entry-footer\"><\/footer><\/article><\/div>\n<style type=\"text\/css\" data-created_by=\"avia_inline_auto\" id=\"style-css-av-p0b4w-98aeefe84041b10d4080a665859ee614\">\n.flex_column.av-p0b4w-98aeefe84041b10d4080a665859ee614{\nborder-radius:0px 0px 0px 0px;\npadding:0px 0px 0px 0px;\n}\n<\/style>\n<div  class='flex_column av-p0b4w-98aeefe84041b10d4080a665859ee614 av_one_third  avia-builder-el-19  el_after_av_one_third  el_before_av_one_third  first flex_column_div av-zero-column-padding  column-top-margin'     ><article  class='iconbox iconbox_left av-ll2eo-57e6d7e4c631dce2e0dabc4951864208  avia-builder-el-20  avia-builder-el-no-sibling '  itemscope=\"itemscope\" itemtype=\"https:\/\/schema.org\/CreativeWork\" ><div class=\"iconbox_content\"><header class=\"entry-content-header\" aria-label=\"Icon: Residence\"><div class='iconbox_icon heading-color avia-iconfont avia-font-entypo-fontello' data-av_icon='\ue826' data-av_iconfont='entypo-fontello'  ><\/div><h3 class='iconbox_content_title '  itemprop=\"headline\" >Residence<\/h3><\/header><div class='iconbox_content_container '  itemprop=\"text\" ><p>The &#8220;W\u00fcrzburger Residenz&#8221; is a baroque residence (UNESCO)\u00a0near\u00a0the city center of W\u00fcrzburg.<\/p>\n<p><a href=\"http:\/\/www.residenz-wuerzburg.de\/englisch\/tourist\/index.htm\">to the homepage<\/a><\/p>\n<\/div><\/div><footer class=\"entry-footer\"><\/footer><\/article><\/div>\n<style type=\"text\/css\" data-created_by=\"avia_inline_auto\" id=\"style-css-av-h4kmo-30d5004e4c6fbff38c10887655263cd8\">\n.flex_column.av-h4kmo-30d5004e4c6fbff38c10887655263cd8{\nborder-radius:0px 0px 0px 0px;\npadding:0px 0px 0px 0px;\n}\n<\/style>\n<div  class='flex_column av-h4kmo-30d5004e4c6fbff38c10887655263cd8 av_one_third  avia-builder-el-21  el_after_av_one_third  avia-builder-el-last  flex_column_div av-zero-column-padding  column-top-margin'     ><article  class='iconbox iconbox_left av-8yzyg-e80411cf4b69f699ba66cee1c120adc5  avia-builder-el-22  avia-builder-el-no-sibling '  itemscope=\"itemscope\" itemtype=\"https:\/\/schema.org\/CreativeWork\" ><div class=\"iconbox_content\"><header class=\"entry-content-header\" aria-label=\"Icon: Boat trip\"><div class='iconbox_icon heading-color avia-iconfont avia-font-entypo-fontello' data-av_icon='\ue8b9' data-av_iconfont='entypo-fontello'  ><\/div><h3 class='iconbox_content_title '  itemprop=\"headline\" >Boat trip<\/h3><\/header><div class='iconbox_content_container '  itemprop=\"text\" ><p>During your stay in W\u00fcrzburg you should not miss a boat trip on the river &#8220;Main&#8221;. The route between W\u00fcrzburg and Veitsh\u00f6chheim is very\u00a0beautiful.<\/p>\n<p><a href=\"http:\/\/www.mainschifffahrt.de\">to the homepage<\/a><\/p>\n<\/div><\/div><footer class=\"entry-footer\"><\/footer><\/article><\/div>\n","protected":false},"excerpt":{"rendered":"","protected":false},"author":1,"featured_media":0,"parent":0,"menu_order":0,"comment_status":"closed","ping_status":"closed","template":"","meta":{"_monsterinsights_skip_tracking":false,"_monsterinsights_sitenote_active":false,"_monsterinsights_sitenote_note":"","_monsterinsights_sitenote_category":0,"footnotes":""},"class_list":["post-832","page","type-page","status-publish","hentry"],"yoast_head":"<!-- This site is optimized with the Yoast SEO Premium plugin v24.3 (Yoast SEO v26.2) - https:\/\/yoast.com\/wordpress\/plugins\/seo\/ -->\n<title>ARRANGEMENTS - Central Hotel (EN)<\/title>\n<meta name=\"robots\" content=\"index, follow, max-snippet:-1, max-image-preview:large, max-video-preview:-1\" \/>\n<link rel=\"canonical\" href=\"https:\/\/centralhotel-wuerzburg.com\/en\/arrangements\/\" \/>\n<meta property=\"og:locale\" content=\"en_GB\" \/>\n<meta property=\"og:type\" content=\"article\" \/>\n<meta property=\"og:title\" content=\"ARRANGEMENTS\" \/>\n<meta property=\"og:url\" content=\"https:\/\/centralhotel-wuerzburg.com\/en\/arrangements\/\" \/>\n<meta property=\"og:site_name\" content=\"Central Hotel (EN)\" \/>\n<meta property=\"article:modified_time\" content=\"2025-10-28T12:04:28+00:00\" \/>\n<meta name=\"twitter:card\" content=\"summary_large_image\" \/>\n<meta name=\"twitter:label1\" content=\"Estimated reading time\" \/>\n\t<meta name=\"twitter:data1\" content=\"2 minutes\" \/>\n<script type=\"application\/ld+json\" class=\"yoast-schema-graph\">{\"@context\":\"https:\/\/schema.org\",\"@graph\":[{\"@type\":\"WebPage\",\"@id\":\"https:\/\/centralhotel-wuerzburg.com\/en\/arrangements\/\",\"url\":\"https:\/\/centralhotel-wuerzburg.com\/en\/arrangements\/\",\"name\":\"ARRANGEMENTS - Central Hotel (EN)\",\"isPartOf\":{\"@id\":\"https:\/\/centralhotel-wuerzburg.com\/en\/#website\"},\"datePublished\":\"2017-06-06T09:55:40+00:00\",\"dateModified\":\"2025-10-28T12:04:28+00:00\",\"breadcrumb\":{\"@id\":\"https:\/\/centralhotel-wuerzburg.com\/en\/arrangements\/#breadcrumb\"},\"inLanguage\":\"en-GB\",\"potentialAction\":[{\"@type\":\"ReadAction\",\"target\":[\"https:\/\/centralhotel-wuerzburg.com\/en\/arrangements\/\"]}]},{\"@type\":\"BreadcrumbList\",\"@id\":\"https:\/\/centralhotel-wuerzburg.com\/en\/arrangements\/#breadcrumb\",\"itemListElement\":[{\"@type\":\"ListItem\",\"position\":1,\"name\":\"Startseite\",\"item\":\"https:\/\/centralhotel-wuerzburg.com\/en\/\"},{\"@type\":\"ListItem\",\"position\":2,\"name\":\"ARRANGEMENTS\"}]},{\"@type\":\"WebSite\",\"@id\":\"https:\/\/centralhotel-wuerzburg.com\/en\/#website\",\"url\":\"https:\/\/centralhotel-wuerzburg.com\/en\/\",\"name\":\"Central Hotel (EN)\",\"description\":\"Central Hotel W\u00fcrzburg\",\"potentialAction\":[{\"@type\":\"SearchAction\",\"target\":{\"@type\":\"EntryPoint\",\"urlTemplate\":\"https:\/\/centralhotel-wuerzburg.com\/en\/?s={search_term_string}\"},\"query-input\":{\"@type\":\"PropertyValueSpecification\",\"valueRequired\":true,\"valueName\":\"search_term_string\"}}],\"inLanguage\":\"en-GB\"}]}<\/script>\n<!-- \/ Yoast SEO Premium plugin. -->","yoast_head_json":{"title":"ARRANGEMENTS - Central Hotel (EN)","robots":{"index":"index","follow":"follow","max-snippet":"max-snippet:-1","max-image-preview":"max-image-preview:large","max-video-preview":"max-video-preview:-1"},"canonical":"https:\/\/centralhotel-wuerzburg.com\/en\/arrangements\/","og_locale":"en_GB","og_type":"article","og_title":"ARRANGEMENTS","og_url":"https:\/\/centralhotel-wuerzburg.com\/en\/arrangements\/","og_site_name":"Central Hotel (EN)","article_modified_time":"2025-10-28T12:04:28+00:00","twitter_card":"summary_large_image","twitter_misc":{"Estimated reading time":"2 minutes"},"schema":{"@context":"https:\/\/schema.org","@graph":[{"@type":"WebPage","@id":"https:\/\/centralhotel-wuerzburg.com\/en\/arrangements\/","url":"https:\/\/centralhotel-wuerzburg.com\/en\/arrangements\/","name":"ARRANGEMENTS - Central Hotel (EN)","isPartOf":{"@id":"https:\/\/centralhotel-wuerzburg.com\/en\/#website"},"datePublished":"2017-06-06T09:55:40+00:00","dateModified":"2025-10-28T12:04:28+00:00","breadcrumb":{"@id":"https:\/\/centralhotel-wuerzburg.com\/en\/arrangements\/#breadcrumb"},"inLanguage":"en-GB","potentialAction":[{"@type":"ReadAction","target":["https:\/\/centralhotel-wuerzburg.com\/en\/arrangements\/"]}]},{"@type":"BreadcrumbList","@id":"https:\/\/centralhotel-wuerzburg.com\/en\/arrangements\/#breadcrumb","itemListElement":[{"@type":"ListItem","position":1,"name":"Startseite","item":"https:\/\/centralhotel-wuerzburg.com\/en\/"},{"@type":"ListItem","position":2,"name":"ARRANGEMENTS"}]},{"@type":"WebSite","@id":"https:\/\/centralhotel-wuerzburg.com\/en\/#website","url":"https:\/\/centralhotel-wuerzburg.com\/en\/","name":"Central Hotel (EN)","description":"Central Hotel W\u00fcrzburg","potentialAction":[{"@type":"SearchAction","target":{"@type":"EntryPoint","urlTemplate":"https:\/\/centralhotel-wuerzburg.com\/en\/?s={search_term_string}"},"query-input":{"@type":"PropertyValueSpecification","valueRequired":true,"valueName":"search_term_string"}}],"inLanguage":"en-GB"}]}},"_links":{"self":[{"href":"https:\/\/centralhotel-wuerzburg.com\/en\/wp-json\/wp\/v2\/pages\/832","targetHints":{"allow":["GET"]}}],"collection":[{"href":"https:\/\/centralhotel-wuerzburg.com\/en\/wp-json\/wp\/v2\/pages"}],"about":[{"href":"https:\/\/centralhotel-wuerzburg.com\/en\/wp-json\/wp\/v2\/types\/page"}],"author":[{"embeddable":true,"href":"https:\/\/centralhotel-wuerzburg.com\/en\/wp-json\/wp\/v2\/users\/1"}],"replies":[{"embeddable":true,"href":"https:\/\/centralhotel-wuerzburg.com\/en\/wp-json\/wp\/v2\/comments?post=832"}],"version-history":[{"count":5,"href":"https:\/\/centralhotel-wuerzburg.com\/en\/wp-json\/wp\/v2\/pages\/832\/revisions"}],"predecessor-version":[{"id":1426,"href":"https:\/\/centralhotel-wuerzburg.com\/en\/wp-json\/wp\/v2\/pages\/832\/revisions\/1426"}],"wp:attachment":[{"href":"https:\/\/centralhotel-wuerzburg.com\/en\/wp-json\/wp\/v2\/media?parent=832"}],"curies":[{"name":"wp","href":"https:\/\/api.w.org\/{rel}","templated":true}]}}